{"id":29,"date":"2026-02-23T17:49:40","date_gmt":"2026-02-23T16:49:40","guid":{"rendered":"https:\/\/www.schulz-solutions.com\/?page_id=29"},"modified":"2026-02-26T16:32:25","modified_gmt":"2026-02-26T15:32:25","slug":"%e5%9b%be%e7%89%87%e6%9d%a5%e6%ba%90","status":"publish","type":"page","link":"https:\/\/www.schulz-solutions.com\/zh\/bildnachweise\/","title":{"rendered":"\u56fe\u7247\u6765\u6e90"},"content":{"rendered":"<p>\u672c\u7f51\u7ad9\u4f7f\u7528\u7684\u56fe\u7247\u548c\u89c6\u9891\u8d44\u6599\u6765\u6e90\u5e7f\u6cdb\u3002\u6240\u6709\u8d44\u6599\u7684\u4f7f\u7528\u5747\u7b26\u5408\u76f8\u5e94\u7684\u8bb8\u53ef\u6761\u4ef6\u3002.<\/p>\n\n\n\n<h2 class=\"wp-block-heading\">\u6388\u6743\u56fe\u7247\u8d44\u6599<\/h2>\n\n\n\n<p>\u6240\u4f7f\u7528\u7684\u90e8\u5206\u7167\u7247\u548c\u89c6\u9891\u7247\u6bb5\u662f\u901a\u8fc7\u4ee5\u4e0b\u9014\u5f84\u62cd\u6444\u7684&nbsp;<strong>Shutterstock, Inc.<\/strong>&nbsp;\u8bb8\u53ef\u3002\u4f7f\u7528\u987b\u7b26\u5408 Shutterstock \u6807\u51c6\u8bb8\u53ef\u6216\u589e\u5f3a\u8bb8\u53ef\u7684\u89c4\u5b9a\u3002\u53ef\u5e94\u8981\u6c42\u63d0\u4f9b\u8bb8\u53ef\u8bc1\u8be6\u7ec6\u4fe1\u606f\u3002.<\/p>\n\n\n\n<h2 class=\"wp-block-heading\">\u81ea\u5df1\u7684\u5f55\u97f3<\/h2>\n\n\n\n<p>\u672c\u7f51\u7ad9\u4e0a\u7684\u67d0\u4e9b\u56fe\u7247\u548c\u89c6\u9891\u5185\u5bb9\uff0c\u5c24\u5176\u662f\u516c\u53f8\u4ecb\u7ecd\u548c\u4ea7\u54c1\u7167\u7247\uff0c\u5747\u5c5e\u4e8e\u4ee5\u4e0b\u60c5\u51b5&nbsp;<strong>\u8212\u5c14\u8328\u89e3\u51b3\u65b9\u6848\u6709\u9650\u516c\u53f8\u7684\u5185\u90e8\u5236\u4f5c<\/strong>. .\u4fdd\u7559\u6240\u6709\u6743\u5229\u3002.<\/p>\n\n\n\n<h2 class=\"wp-block-heading\">\u7ecf\u8fc7\u4eba\u5de5\u667a\u80fd\u5904\u7406\u7684\u56fe\u50cf\u8d44\u6599<\/h2>\n\n\n\n<p>\u5355\u5f20\u56fe\u7247\u7684\u5185\u5bb9\u662f\u5728\u4eba\u5de5\u667a\u80fd\u56fe\u50cf\u7f16\u8f91\u5de5\u5177\u7684\u5e2e\u52a9\u4e0b\u5236\u4f5c\u6216\u91cd\u65b0\u5236\u4f5c\u7684\u3002\u6e90\u6750\u6599\u6765\u81ea\u6211\u4eec\u81ea\u5df1\u7684\u7167\u7247\u6216\u6388\u6743\u6765\u6e90\u3002\u4eba\u5de5\u667a\u80fd\u5904\u7406\u7528\u4e8e\u89c6\u89c9\u4f18\u5316\uff0c\u4e0d\u4f1a\u6539\u53d8\u56fe\u50cf\u4e2d\u4efb\u4f55\u4e0e\u5185\u5bb9\u76f8\u5173\u7684\u8bed\u53e5\u3002.<\/p>\n\n\n\n<h2 class=\"wp-block-heading\">\u89c6\u9891\u8d44\u6599<\/h2>\n\n\n\n<p>\u6240\u4f7f\u7528\u7684\u89c6\u9891\u526a\u8f91\u8981\u4e48\u6765\u81ea Schulz Solutions GmbH \u81ea\u5df1\u7684\u5236\u4f5c\uff0c\u8981\u4e48\u5df2\u901a\u8fc7 Shutterstock \u83b7\u5f97\u8bb8\u53ef\u3002\u4f7f\u7528\u6743\u5305\u62ec\u5728\u672c\u7f51\u7ad9\u4e0a\u53d1\u5e03\u3002.<\/p>\n\n\n\n<h2 class=\"wp-block-heading\">\u7248\u6743<\/h2>\n\n\n\n<p>\u672c\u7f51\u7ad9\u4e0a\u663e\u793a\u7684\u6240\u6709\u5185\u5bb9--\u6587\u672c\u3001\u56fe\u5f62\u3001\u6807\u8bc6\u3001\u56fe\u50cf\u548c\u89c6\u9891--\u7684\u7248\u6743\u5f52 Schulz Solutions GmbH \u6216\u5404\u81ea\u7684\u7248\u6743\u6240\u6709\u8005\u6240\u6709\u3002\u590d\u5236\u3001\u7f16\u8f91\u6216\u8fdb\u4e00\u6b65\u4f7f\u7528\u9700\u83b7\u5f97\u660e\u786e\u7684\u4e66\u9762\u6388\u6743\u3002.<\/p>\n\n\n\n<h2 class=\"wp-block-heading\">\u54a8\u8be2\u8054\u7cfb\u65b9\u5f0f<\/h2>\n\n\n\n<p>\u5982\u679c\u60a8\u5bf9\u56fe\u7247\u7248\u6743\u6216\u8bb8\u53ef\u8bc1\u7ec6\u8282\u6709\u4efb\u4f55\u7591\u95ee\uff0c\u8bf7\u8054\u7cfb\u6211\u4eec\uff1a<br><a href=\"\/zh\/&\/#109;&#x61;&#105;&#x6c;t&#x6f;:&#119;&#x65;&#98;&#x2d;a&#x6e;f&#114;&#x61;&#103;&#x65;&#64;&#x73;c&#104;&#x75;&#108;&#x7a;-&#x73;o&#108;&#x75;&#116;&#x69;o&#x6e;s&#46;&#x63;&#111;&#x6d;\">web-anfrage@schulz-solutions.com<\/a><\/p>","protected":false},"excerpt":{"rendered":"<p>Die auf dieser Website verwendeten Bild- und Videomaterialien stammen aus verschiedenen Quellen. Alle Materialien werden im Rahmen der jeweiligen Lizenzbedingungen genutzt. Lizenziertes Bildmaterial Ein Teil der verwendeten Fotografien und Videoclips wurde \u00fcber&nbsp;Shutterstock, Inc.&nbsp;lizenziert. Die Nutzung erfolgt gem\u00e4\u00df der Shutterstock Standard- bzw. Enhanced-Lizenz. Lizenzdetails k\u00f6nnen auf Anfrage mitgeteilt werden. Eigene Aufnahmen Bestimmte Bild- und Videoinhalte auf [&hellip;]<\/p>\n","protected":false},"author":2,"featured_media":0,"parent":0,"menu_order":0,"comment_status":"closed","ping_status":"closed","template":"page-bildnachweise.php","meta":{"_acf_changed":false,"footnotes":""},"class_list":["post-29","page","type-page","status-publish","hentry"],"acf":[],"_links":{"self":[{"href":"https:\/\/www.schulz-solutions.com\/zh\/wp-json\/wp\/v2\/pages\/29","targetHints":{"allow":["GET"]}}],"collection":[{"href":"https:\/\/www.schulz-solutions.com\/zh\/wp-json\/wp\/v2\/pages"}],"about":[{"href":"https:\/\/www.schulz-solutions.com\/zh\/wp-json\/wp\/v2\/types\/page"}],"author":[{"embeddable":true,"href":"https:\/\/www.schulz-solutions.com\/zh\/wp-json\/wp\/v2\/users\/2"}],"replies":[{"embeddable":true,"href":"https:\/\/www.schulz-solutions.com\/zh\/wp-json\/wp\/v2\/comments?post=29"}],"version-history":[{"count":0,"href":"https:\/\/www.schulz-solutions.com\/zh\/wp-json\/wp\/v2\/pages\/29\/revisions"}],"wp:attachment":[{"href":"https:\/\/www.schulz-solutions.com\/zh\/wp-json\/wp\/v2\/media?parent=29"}],"curies":[{"name":"wp","href":"https:\/\/api.w.org\/{rel}","templated":true}]}}