{"id":21,"date":"2026-02-25T09:42:42","date_gmt":"2026-02-25T08:42:42","guid":{"rendered":"https:\/\/www.schulz-solutions.com\/?page_id=21"},"modified":"2026-02-25T09:42:42","modified_gmt":"2026-02-25T08:42:42","slug":"%e6%80%a7%e5%88%ab%e8%af%b4%e6%98%8e","status":"publish","type":"page","link":"https:\/\/www.schulz-solutions.com\/zh\/gender-hinweis\/","title":{"rendered":"\u6027\u522b\u8bf4\u660e"},"content":{"rendered":"<p class=\"is-style-aptos\">\u4e3a\u63d0\u9ad8\u53ef\u8bfb\u6027\uff0c\u672c\u7f51\u7ad9\u4e2d\u7684\u4e2a\u4eba\u79f0\u8c13\u548c\u4e2a\u4eba\u540d\u8bcd\u5747\u4f7f\u7528\u9633\u6027\u5f62\u5f0f\u3002\u4e3a\u4e86\u5e73\u7b49\u5bf9\u5f85\uff0c\u76f8\u5e94\u672f\u8bed\u9002\u7528\u4e8e\u6240\u6709\u6027\u522b\u3002.<\/p>\n\n\n\n<p>\u7f29\u5199\u8bed\u8a00\u5f62\u5f0f\u4ec5\u4e3a\u7f16\u8f91\u539f\u56e0\uff0c\u5e76\u4e0d\u610f\u5473\u7740\u4efb\u4f55\u5224\u65ad\u3002.<\/p>\n\n\n\n<p><\/p>","protected":false},"excerpt":{"rendered":"<p>Aus Gr\u00fcnden der besseren Lesbarkeit wird bei Personenbezeichnungen und personenbezogenen Hauptw\u00f6rtern auf dieser Website die m\u00e4nnliche Form verwendet. Entsprechende Begriffe gelten im Sinne der Gleichbehandlung grunds\u00e4tzlich f\u00fcr alle Geschlechter. Die verk\u00fcrzte Sprachform hat nur redaktionelle Gr\u00fcnde und beinhaltet keine Wertung.<\/p>","protected":false},"author":1,"featured_media":0,"parent":0,"menu_order":0,"comment_status":"closed","ping_status":"closed","template":"page-gender.php","meta":{"_acf_changed":false,"footnotes":""},"class_list":["post-21","page","type-page","status-publish","hentry"],"acf":[],"_links":{"self":[{"href":"https:\/\/www.schulz-solutions.com\/zh\/wp-json\/wp\/v2\/pages\/21","targetHints":{"allow":["GET"]}}],"collection":[{"href":"https:\/\/www.schulz-solutions.com\/zh\/wp-json\/wp\/v2\/pages"}],"about":[{"href":"https:\/\/www.schulz-solutions.com\/zh\/wp-json\/wp\/v2\/types\/page"}],"author":[{"embeddable":true,"href":"https:\/\/www.schulz-solutions.com\/zh\/wp-json\/wp\/v2\/users\/1"}],"replies":[{"embeddable":true,"href":"https:\/\/www.schulz-solutions.com\/zh\/wp-json\/wp\/v2\/comments?post=21"}],"version-history":[{"count":0,"href":"https:\/\/www.schulz-solutions.com\/zh\/wp-json\/wp\/v2\/pages\/21\/revisions"}],"wp:attachment":[{"href":"https:\/\/www.schulz-solutions.com\/zh\/wp-json\/wp\/v2\/media?parent=21"}],"curies":[{"name":"wp","href":"https:\/\/api.w.org\/{rel}","templated":true}]}}