{"id":21,"date":"2026-02-25T09:42:42","date_gmt":"2026-02-25T08:42:42","guid":{"rendered":"https:\/\/www.schulz-solutions.com\/?page_id=21"},"modified":"2026-02-25T09:42:42","modified_gmt":"2026-02-25T08:42:42","slug":"note-de-genre","status":"publish","type":"page","link":"https:\/\/www.schulz-solutions.com\/fr\/gender-hinweis\/","title":{"rendered":"Note sur le genre"},"content":{"rendered":"<p class=\"is-style-aptos\">Pour des raisons de lisibilit\u00e9, la forme masculine est utilis\u00e9e pour les d\u00e9signations de personnes et les mots principaux se rapportant \u00e0 des personnes sur ce site web. Par souci d'\u00e9galit\u00e9 de traitement, les termes correspondants s'appliquent en principe \u00e0 tous les sexes.<\/p>\n\n\n\n<p>La forme linguistique abr\u00e9g\u00e9e n'est utilis\u00e9e que pour des raisons r\u00e9dactionnelles et n'implique aucun jugement de valeur.<\/p>\n\n\n\n<p><\/p>","protected":false},"excerpt":{"rendered":"<p>Aus Gr\u00fcnden der besseren Lesbarkeit wird bei Personenbezeichnungen und personenbezogenen Hauptw\u00f6rtern auf dieser Website die m\u00e4nnliche Form verwendet. Entsprechende Begriffe gelten im Sinne der Gleichbehandlung grunds\u00e4tzlich f\u00fcr alle Geschlechter. Die verk\u00fcrzte Sprachform hat nur redaktionelle Gr\u00fcnde und beinhaltet keine Wertung.<\/p>","protected":false},"author":1,"featured_media":0,"parent":0,"menu_order":0,"comment_status":"closed","ping_status":"closed","template":"page-gender.php","meta":{"_acf_changed":false,"footnotes":""},"class_list":["post-21","page","type-page","status-publish","hentry"],"acf":[],"_links":{"self":[{"href":"https:\/\/www.schulz-solutions.com\/fr\/wp-json\/wp\/v2\/pages\/21","targetHints":{"allow":["GET"]}}],"collection":[{"href":"https:\/\/www.schulz-solutions.com\/fr\/wp-json\/wp\/v2\/pages"}],"about":[{"href":"https:\/\/www.schulz-solutions.com\/fr\/wp-json\/wp\/v2\/types\/page"}],"author":[{"embeddable":true,"href":"https:\/\/www.schulz-solutions.com\/fr\/wp-json\/wp\/v2\/users\/1"}],"replies":[{"embeddable":true,"href":"https:\/\/www.schulz-solutions.com\/fr\/wp-json\/wp\/v2\/comments?post=21"}],"version-history":[{"count":0,"href":"https:\/\/www.schulz-solutions.com\/fr\/wp-json\/wp\/v2\/pages\/21\/revisions"}],"wp:attachment":[{"href":"https:\/\/www.schulz-solutions.com\/fr\/wp-json\/wp\/v2\/media?parent=21"}],"curies":[{"name":"wp","href":"https:\/\/api.w.org\/{rel}","templated":true}]}}