{"id":19,"date":"2026-02-23T15:08:05","date_gmt":"2026-02-23T14:08:05","guid":{"rendered":"https:\/\/www.schulz-solutions.com\/?page_id=19"},"modified":"2026-02-24T15:07:18","modified_gmt":"2026-02-24T14:07:18","slug":"declaration-de-protection-des-donnees","status":"publish","type":"page","link":"https:\/\/www.schulz-solutions.com\/fr\/datenschutzerklaerung\/","title":{"rendered":"D\u00e9claration de confidentialit\u00e9"},"content":{"rendered":"<h2 class=\"wp-block-heading\">1. la protection des donn\u00e9es en un coup d'\u0153il<\/h2>\n\n\n\n<h3 class=\"wp-block-heading\">Remarques g\u00e9n\u00e9rales<\/h3>\n\n\n\n<p class=\"is-style-aptos\">Les indications suivantes donnent un aper\u00e7u simple de ce qui se passe avec vos donn\u00e9es personnelles lorsque vous visitez ce site web. Les donn\u00e9es personnelles sont toutes les donn\u00e9es qui permettent de vous identifier personnellement. Vous trouverez des informations d\u00e9taill\u00e9es sur le th\u00e8me de la protection des donn\u00e9es dans notre d\u00e9claration de protection des donn\u00e9es figurant sous ce texte.<\/p>\n\n\n\n<h3 class=\"wp-block-heading\">Collecte de donn\u00e9es sur ce site web<\/h3>\n\n\n\n<h4 class=\"wp-block-heading\">Qui est responsable de la collecte des donn\u00e9es sur ce site ?<\/h4>\n\n\n\n<p>Le traitement des donn\u00e9es sur ce site web est effectu\u00e9 par l'exploitant du site web. Vous trouverez les coordonn\u00e9es de ce dernier dans la section \u201eInformations sur le responsable du traitement\u201c de la pr\u00e9sente d\u00e9claration de protection des donn\u00e9es.<\/p>\n\n\n\n<h4 class=\"wp-block-heading\">Comment recueillons-nous vos donn\u00e9es ?<\/h4>\n\n\n\n<p>Vos donn\u00e9es sont collect\u00e9es, d'une part, lorsque vous nous les communiquez. Il peut s'agir, par exemple, de donn\u00e9es que vous saisissez dans un formulaire de contact.<\/p>\n\n\n\n<p>D'autres donn\u00e9es sont collect\u00e9es automatiquement ou apr\u00e8s votre accord par nos syst\u00e8mes informatiques lorsque vous visitez le site web. Il s'agit principalement de donn\u00e9es techniques (par exemple, le navigateur Internet, le syst\u00e8me d'exploitation ou l'heure de consultation de la page). La saisie de ces donn\u00e9es s'effectue automatiquement d\u00e8s que vous acc\u00e9dez \u00e0 ce site web.<\/p>\n\n\n\n<h4 class=\"wp-block-heading\">\u00c0 quelles fins utilisons-nous vos donn\u00e9es ?<\/h4>\n\n\n\n<p>Une partie des donn\u00e9es est collect\u00e9e afin de garantir une mise \u00e0 disposition sans erreur du site web. D'autres donn\u00e9es peuvent \u00eatre utilis\u00e9es pour analyser votre comportement d'utilisateur.<\/p>\n\n\n\n<h4 class=\"wp-block-heading\">Quels sont vos droits concernant vos donn\u00e9es ?<\/h4>\n\n\n\n<p>Vous avez \u00e0 tout moment le droit d'obtenir gratuitement des informations sur l'origine, le destinataire et la finalit\u00e9 de vos donn\u00e9es personnelles enregistr\u00e9es. Vous avez \u00e9galement le droit d'exiger la rectification ou la suppression de ces donn\u00e9es. Si vous avez donn\u00e9 votre consentement au traitement des donn\u00e9es, vous pouvez \u00e0 tout moment r\u00e9voquer ce consentement pour l'avenir. Vous avez \u00e9galement le droit de demander la limitation du traitement de vos donn\u00e9es personnelles dans certaines circonstances. En outre, vous disposez d'un droit de recours aupr\u00e8s de l'autorit\u00e9 de surveillance comp\u00e9tente.<\/p>\n\n\n\n<p>Vous pouvez nous contacter \u00e0 tout moment \u00e0 ce sujet ou pour toute autre question relative \u00e0 la protection des donn\u00e9es.<\/p>\n\n\n\n<h3 class=\"wp-block-heading\">Outils d'analyse et outils de tiers<\/h3>\n\n\n\n<p>Lors de la visite de ce site web, votre comportement de navigation peut \u00eatre \u00e9valu\u00e9 statistiquement. Cela se fait principalement \u00e0 l'aide de programmes dits d'analyse.<\/p>\n\n\n\n<p>Vous trouverez des informations d\u00e9taill\u00e9es sur ces programmes d'analyse dans la d\u00e9claration de confidentialit\u00e9 suivante.<\/p>\n\n\n\n<h2 class=\"wp-block-heading\">2. l'h\u00e9bergement<\/h2>\n\n\n\n<h3 class=\"wp-block-heading\">H\u00e9bergement avec All-Inkl<\/h3>\n\n\n\n<p>Nous h\u00e9bergeons notre site web chez All-Inkl. Le fournisseur est ALL-INKL.COM - Neue Medien M\u00fcnnich, Inh. Ren\u00e9 M\u00fcnnich, Hauptstra\u00dfe 68, 02742 Friedersdorf (ci-apr\u00e8s : All-Inkl). Pour plus de d\u00e9tails, veuillez consulter la d\u00e9claration de protection des donn\u00e9es d'All-Inkl : <a href=\"https:\/\/all-inkl.com\/datenschutzinformationen\/\" target=\"_blank\" rel=\"noreferrer noopener\">https:\/\/all-inkl.com\/datenschutzinformationen\/<\/a>.<\/p>\n\n\n\n<p>L'utilisation d'All-Inkl est bas\u00e9e sur l'article 6, paragraphe 1, point f du RGPD. Nous avons un int\u00e9r\u00eat l\u00e9gitime \u00e0 ce que notre site web soit pr\u00e9sent\u00e9 de la mani\u00e8re la plus fiable possible. Dans la mesure o\u00f9 un consentement correspondant a \u00e9t\u00e9 demand\u00e9, le traitement s'effectue exclusivement sur la base de l'art. 6, al. 1, let. a du RGPD et de l'art. 25, al. 1 de la loi sur la protection des donn\u00e9es (TTDSG), dans la mesure o\u00f9 le consentement comprend le stockage de cookies ou l'acc\u00e8s \u00e0 des informations dans le terminal de l'utilisateur (par ex. Device-Fingerprinting) au sens de la TTDSG. Le consentement est r\u00e9vocable \u00e0 tout moment.<\/p>\n\n\n\n<h2 class=\"wp-block-heading\">3. indications g\u00e9n\u00e9rales et informations obligatoires<\/h2>\n\n\n\n<h3 class=\"wp-block-heading\">Protection des donn\u00e9es<\/h3>\n\n\n\n<p>Les exploitants de ces pages prennent la protection de vos donn\u00e9es personnelles tr\u00e8s au s\u00e9rieux. Nous traitons vos donn\u00e9es personnelles de mani\u00e8re confidentielle et conform\u00e9ment aux dispositions l\u00e9gales en mati\u00e8re de protection des donn\u00e9es ainsi qu'\u00e0 la pr\u00e9sente d\u00e9claration de protection des donn\u00e9es.<\/p>\n\n\n\n<p>Lorsque vous utilisez ce site web, diverses donn\u00e9es personnelles sont collect\u00e9es. Les donn\u00e9es personnelles sont des donn\u00e9es qui permettent de vous identifier personnellement. La pr\u00e9sente d\u00e9claration de confidentialit\u00e9 explique quelles donn\u00e9es nous collectons et \u00e0 quelles fins nous les utilisons. Elle explique \u00e9galement comment et dans quel but nous le faisons.<\/p>\n\n\n\n<p>Nous attirons votre attention sur le fait que la transmission de donn\u00e9es sur Internet (par ex. lors de la communication par e-mail) peut pr\u00e9senter des failles de s\u00e9curit\u00e9. Une protection compl\u00e8te des donn\u00e9es contre l'acc\u00e8s par des tiers n'est pas possible.<\/p>\n\n\n\n<h3 class=\"wp-block-heading\">Remarque sur le service responsable<\/h3>\n\n\n\n<p>Le responsable du traitement des donn\u00e9es sur ce site est :<\/p>\n\n\n\n<p>Schulz Solutions GmbH<br>11, rue de Danzig<br>D-63500 Seligenstadt<\/p>\n\n\n\n<p>T\u00e9l\u00e9phone : +49 6182 8984 875<br>E-Mail: &#119;&#x65;&#98;&#x2d;a&#110;&#x66;&#114;&#x61;g&#x65;&#64;&#115;&#x63;&#104;&#x75;l&#x7a;&#x2d;&#115;&#x6f;l&#x75;t&#105;&#x6f;&#110;&#x73;&#46;&#x63;o&#109;<\/p>\n\n\n\n<p>Le responsable du traitement est la personne physique ou morale qui, seule ou conjointement avec d'autres, d\u00e9termine les finalit\u00e9s et les moyens du traitement des donn\u00e9es \u00e0 caract\u00e8re personnel (par exemple, les noms, les adresses \u00e9lectroniques ou autres).<\/p>\n\n\n\n<h3 class=\"wp-block-heading\">Dur\u00e9e de stockage<\/h3>\n\n\n\n<p>Dans la mesure o\u00f9 aucune dur\u00e9e de stockage sp\u00e9cifique n'a \u00e9t\u00e9 mentionn\u00e9e dans la pr\u00e9sente d\u00e9claration de protection des donn\u00e9es, vos donn\u00e9es \u00e0 caract\u00e8re personnel restent chez nous jusqu'\u00e0 ce que la finalit\u00e9 du traitement des donn\u00e9es n'ait plus lieu d'\u00eatre. Si vous faites valoir une demande l\u00e9gitime d'effacement ou si vous r\u00e9voquez votre consentement au traitement des donn\u00e9es, vos donn\u00e9es seront effac\u00e9es, \u00e0 moins que nous n'ayons d'autres raisons l\u00e9galement valables de conserver vos donn\u00e9es personnelles (par ex. d\u00e9lais de conservation en vertu du droit fiscal ou commercial) ; dans ce dernier cas, l'effacement aura lieu apr\u00e8s la disparition de ces raisons.<\/p>\n\n\n\n<h3 class=\"wp-block-heading\">Informations g\u00e9n\u00e9rales sur les bases juridiques du traitement des donn\u00e9es sur ce site web<\/h3>\n\n\n\n<p>Si vous avez donn\u00e9 votre consentement au traitement des donn\u00e9es, nous traitons vos donn\u00e9es personnelles sur la base de l'article 6, paragraphe 1, point a) du RGPD ou de l'article 9, paragraphe 2, point a) du RGPD, dans la mesure o\u00f9 des cat\u00e9gories particuli\u00e8res de donn\u00e9es sont trait\u00e9es conform\u00e9ment \u00e0 l'article 9, paragraphe 1 du RGPD. Si vous avez consenti \u00e0 l'enregistrement de cookies ou \u00e0 l'acc\u00e8s \u00e0 des informations dans votre terminal (par exemple via Device-Fingerprinting), le traitement des donn\u00e9es s'effectue en outre sur la base de l'art. 25, al. 1 TTDSG. Ce consentement est r\u00e9vocable \u00e0 tout moment. Si vos donn\u00e9es sont n\u00e9cessaires \u00e0 l'ex\u00e9cution d'un contrat ou \u00e0 la mise en \u0153uvre de mesures pr\u00e9contractuelles, nous traitons vos donn\u00e9es sur la base de l'article 6, paragraphe 1, point b), du RGPD. En outre, nous traitons vos donn\u00e9es si elles sont n\u00e9cessaires pour remplir une obligation l\u00e9gale sur la base de l'article 6, paragraphe 1, point c) du RGPD. Le traitement des donn\u00e9es peut \u00e9galement \u00eatre effectu\u00e9 sur la base de notre int\u00e9r\u00eat l\u00e9gitime conform\u00e9ment \u00e0 l'article 6, paragraphe 1, point f), du RGPD. Les paragraphes suivants de la pr\u00e9sente d\u00e9claration de protection des donn\u00e9es informent sur les bases juridiques applicables dans chaque cas.<\/p>\n\n\n\n<h3 class=\"wp-block-heading\">R\u00e9vocation de votre consentement au traitement des donn\u00e9es<\/h3>\n\n\n\n<p>De nombreuses op\u00e9rations de traitement des donn\u00e9es ne sont possibles qu'avec votre consentement explicite. Vous pouvez r\u00e9voquer \u00e0 tout moment un consentement d\u00e9j\u00e0 donn\u00e9. La l\u00e9galit\u00e9 du traitement des donn\u00e9es effectu\u00e9 jusqu'\u00e0 la r\u00e9vocation n'est pas affect\u00e9e par la r\u00e9vocation.<\/p>\n\n\n\n<h3 class=\"wp-block-heading\">Droit d'opposition \u00e0 la collecte de donn\u00e9es dans des cas particuliers ainsi qu'\u00e0 la publicit\u00e9 directe (art. 21 RGPD)<\/h3>\n\n\n\n<p>LORSQUE LE TRAITEMENT DES DONN\u00c9ES EST EFFECTU\u00c9 SUR LA BASE DE L'ART. 6 ABS. 1 LIT. E OU F DU RGPD, VOUS AVEZ LE DROIT DE VOUS OPPOSER \u00c0 TOUT MOMENT, POUR DES RAISONS TENANT \u00c0 VOTRE SITUATION PARTICULI\u00c8RE, AU TRAITEMENT DE VOS DONN\u00c9ES PERSONNELLES ; CECI S'APPLIQUE \u00c9GALEMENT AU PROFILAGE FOND\u00c9 SUR CES DISPOSITIONS. VOUS TROUVEREZ DANS LA PR\u00c9SENTE D\u00c9CLARATION DE PROTECTION DES DONN\u00c9ES LES BASES JURIDIQUES RESPECTIVES SUR LESQUELLES SE FONDE UN TRAITEMENT. SI VOUS VOUS Y OPPOSEZ, NOUS NE TRAITERONS PLUS VOS DONN\u00c9ES PERSONNELLES CONCERN\u00c9ES, \u00c0 MOINS QUE NOUS PUISSIONS D\u00c9MONTRER DES RAISONS IMP\u00c9RIEUSES ET DIGNES DE PROTECTION POUR LE TRAITEMENT QUI PR\u00c9VALENT SUR VOS INT\u00c9R\u00caTS, VOS DROITS ET VOS LIBERT\u00c9S, OU QUE LE TRAITEMENT SERVE \u00c0 FAIRE VALOIR, \u00c0 EXERCER OU \u00c0 D\u00c9FENDRE DES DROITS L\u00c9GAUX (OPPOSITION \u00c0 L'ART. 21, AL. 1, DSGVO).<\/p>\n\n\n\n<p>SI VOS DONN\u00c9ES PERSONNELLES SONT TRAIT\u00c9ES \u00c0 DES FINS DE PUBLICIT\u00c9 DIRECTE, VOUS AVEZ LE DROIT DE VOUS OPPOSER \u00c0 TOUT MOMENT AU TRAITEMENT DES DONN\u00c9ES PERSONNELLES VOUS CONCERNANT \u00c0 DES FINS DE PUBLICIT\u00c9 DIRECTE ; CECI S'APPLIQUE \u00c9GALEMENT AU PROFILAGE DANS LA MESURE O\u00d9 IL EST LI\u00c9 \u00c0 UNE TELLE PUBLICIT\u00c9 DIRECTE. SI VOUS VOUS Y OPPOSEZ, VOS DONN\u00c9ES PERSONNELLES NE SERONT PLUS UTILIS\u00c9ES \u00c0 DES FINS DE PROSPECTION DIRECTE (OPPOSITION CONFORM\u00c9MENT \u00c0 L'ARTICLE 21, PARAGRAPHE 2, DU DSGVO).<\/p>\n\n\n\n<h3 class=\"wp-block-heading\">Droit de recours aupr\u00e8s de l'autorit\u00e9 de surveillance comp\u00e9tente<\/h3>\n\n\n\n<p>En cas de violation du RGPD, les personnes concern\u00e9es disposent d'un droit de recours aupr\u00e8s d'une autorit\u00e9 de contr\u00f4le, notamment dans l'\u00c9tat membre de leur r\u00e9sidence habituelle, de leur lieu de travail ou du lieu de la violation pr\u00e9sum\u00e9e. Ce droit de recours s'exerce sans pr\u00e9judice des autres voies de recours administratives ou judiciaires.<\/p>\n\n\n\n<h3 class=\"wp-block-heading\">Droit \u00e0 la portabilit\u00e9 des donn\u00e9es<\/h3>\n\n\n\n<p>Vous avez le droit de vous faire remettre ou de faire remettre \u00e0 un tiers, dans un format courant et lisible par machine, les donn\u00e9es que nous traitons de mani\u00e8re automatis\u00e9e sur la base de votre consentement ou en ex\u00e9cution d'un contrat. Si vous demandez la transmission directe des donn\u00e9es \u00e0 un autre responsable, cela ne se fera que dans la mesure o\u00f9 cela est techniquement possible.<\/p>\n\n\n\n<h3 class=\"wp-block-heading\">Chiffrement SSL ou TLS<\/h3>\n\n\n\n<p>Pour des raisons de s\u00e9curit\u00e9 et afin de prot\u00e9ger la transmission de contenus confidentiels, comme par exemple les commandes ou les demandes que vous nous envoyez en tant qu'exploitant du site, ce site utilise un cryptage SSL ou TLS. Vous reconnaissez une connexion crypt\u00e9e au fait que la ligne d'adresse du navigateur passe de \u201ehttp:\/\/\u201c \u00e0 \u201ehttps:\/\/\u201c et au symbole du cadenas dans la ligne de votre navigateur.<\/p>\n\n\n\n<p>Si le cryptage SSL ou TLS est activ\u00e9, les donn\u00e9es que vous nous transmettez ne peuvent pas \u00eatre lues par des tiers.<\/p>\n\n\n\n<h3 class=\"wp-block-heading\">Acc\u00e8s, suppression et rectification<\/h3>\n\n\n\n<p>Dans le cadre des dispositions l\u00e9gales en vigueur, vous avez \u00e0 tout moment le droit d'obtenir gratuitement des informations sur vos donn\u00e9es personnelles enregistr\u00e9es, leur origine et leur destinataire ainsi que sur la finalit\u00e9 du traitement des donn\u00e9es et, le cas \u00e9ch\u00e9ant, un droit de rectification ou de suppression de ces donn\u00e9es. Pour ce faire, ainsi que pour toute autre question relative aux donn\u00e9es personnelles, vous pouvez nous contacter \u00e0 tout moment.<\/p>\n\n\n\n<h3 class=\"wp-block-heading\">Droit \u00e0 la limitation du traitement<\/h3>\n\n\n\n<p>Vous avez le droit de demander la limitation du traitement de vos donn\u00e9es personnelles. Pour ce faire, vous pouvez nous contacter \u00e0 tout moment. Le droit \u00e0 la limitation du traitement existe dans les cas suivants :<\/p>\n\n\n\n<ul class=\"wp-block-list\">\n<li>Si vous contestez l'exactitude de vos donn\u00e9es \u00e0 caract\u00e8re personnel enregistr\u00e9es chez nous, nous avons g\u00e9n\u00e9ralement besoin de temps pour le v\u00e9rifier. Pendant la dur\u00e9e de la v\u00e9rification, vous avez le droit de demander la limitation du traitement de vos donn\u00e9es \u00e0 caract\u00e8re personnel.<\/li>\n\n\n\n<li>Si le traitement de vos donn\u00e9es personnelles s'est produit\/se produit de mani\u00e8re ill\u00e9gale, vous pouvez demander la limitation du traitement des donn\u00e9es au lieu de leur suppression.<\/li>\n\n\n\n<li>Si nous n'avons plus besoin de vos donn\u00e9es \u00e0 caract\u00e8re personnel, mais que vous en avez besoin pour exercer, d\u00e9fendre ou faire valoir des droits juridiques, vous avez le droit de demander la limitation du traitement de vos donn\u00e9es \u00e0 caract\u00e8re personnel au lieu de leur suppression.<\/li>\n\n\n\n<li>Si vous avez fait opposition conform\u00e9ment \u00e0 l'article 21, paragraphe 1, du RGPD, une mise en balance de vos int\u00e9r\u00eats et des n\u00f4tres doit \u00eatre effectu\u00e9e. Tant qu'il n'a pas \u00e9t\u00e9 d\u00e9termin\u00e9 quels int\u00e9r\u00eats pr\u00e9valent, vous avez le droit d'exiger la limitation du traitement de vos donn\u00e9es personnelles.<\/li>\n<\/ul>\n\n\n\n<p>Si vous avez limit\u00e9 le traitement de vos donn\u00e9es \u00e0 caract\u00e8re personnel, ces donn\u00e9es - \u00e0 l'exception de leur conservation - ne peuvent \u00eatre trait\u00e9es qu'avec votre consentement ou pour la constatation, l'exercice ou la d\u00e9fense de droits en justice ou pour la protection des droits d'une autre personne physique ou morale, ou encore pour un motif d'int\u00e9r\u00eat public important de l'Union europ\u00e9enne ou d'un \u00c9tat membre.<\/p>\n\n\n\n<h3 class=\"wp-block-heading\">Opposition aux e-mails publicitaires<\/h3>\n\n\n\n<p>L'utilisation des donn\u00e9es de contact publi\u00e9es dans le cadre des mentions l\u00e9gales obligatoires pour l'envoi de publicit\u00e9 et de mat\u00e9riel d'information non express\u00e9ment demand\u00e9s est interdite. Les exploitants des pages se r\u00e9servent express\u00e9ment le droit d'engager des poursuites judiciaires en cas d'envoi non sollicit\u00e9 d'informations publicitaires, par exemple par le biais de spams.<\/p>\n\n\n\n<h2 class=\"wp-block-heading\">4. collecte de donn\u00e9es sur ce site web<\/h2>\n\n\n\n<h3 class=\"wp-block-heading\">Cookies<\/h3>\n\n\n\n<p>Nos pages Internet utilisent ce que l'on appelle des \u201ecookies\u201c. Les cookies sont de petits fichiers texte qui ne causent aucun dommage \u00e0 votre terminal. Ils sont enregistr\u00e9s sur votre terminal soit temporairement pour la dur\u00e9e d'une session (cookies de session), soit durablement (cookies permanents). Les cookies de session sont automatiquement supprim\u00e9s \u00e0 la fin de votre visite. Les cookies permanents restent enregistr\u00e9s sur votre terminal jusqu'\u00e0 ce que vous les supprimiez vous-m\u00eame ou qu'une suppression automatique soit effectu\u00e9e par votre navigateur web.<\/p>\n\n\n\n<p>Des cookies de soci\u00e9t\u00e9s tierces peuvent \u00e9galement \u00eatre partiellement enregistr\u00e9s sur votre terminal lorsque vous acc\u00e9dez \u00e0 notre site (cookies tiers). Ceux-ci nous permettent ou vous permettent d'utiliser certains services de l'entreprise tierce (par exemple, les cookies pour le traitement des services de paiement).<\/p>\n\n\n\n<p>Les cookies ont diff\u00e9rentes fonctions. De nombreux cookies sont techniquement n\u00e9cessaires, car certaines fonctions du site web ne fonctionneraient pas sans eux (par exemple la fonction de panier d'achat ou l'affichage de vid\u00e9os). D'autres cookies servent \u00e0 \u00e9valuer le comportement des utilisateurs ou \u00e0 afficher des publicit\u00e9s.<\/p>\n\n\n\n<p>Les cookies n\u00e9cessaires \u00e0 l'ex\u00e9cution du processus de communication \u00e9lectronique, \u00e0 la mise \u00e0 disposition de certaines fonctions que vous souhaitez (par ex. pour la fonction de panier d'achat) ou \u00e0 l'optimisation du site web (par ex. cookies de mesure d'audience du web) (cookies n\u00e9cessaires) sont enregistr\u00e9s sur la base de l'article 6, paragraphe 1, point f du RGPD, sauf si une autre base juridique est indiqu\u00e9e. L'exploitant du site web a un int\u00e9r\u00eat l\u00e9gitime \u00e0 l'enregistrement des cookies n\u00e9cessaires pour une mise \u00e0 disposition de ses services sans erreur technique et optimis\u00e9e. Dans la mesure o\u00f9 un consentement a \u00e9t\u00e9 demand\u00e9 pour le stockage de cookies et de technologies de reconnaissance comparables, le traitement est effectu\u00e9 exclusivement sur la base de ce consentement (art. 6, paragraphe 1, point a), du RGPD et art. 25, paragraphe 1, de la loi sur la protection des donn\u00e9es (TTDSG) ; le consentement peut \u00eatre r\u00e9voqu\u00e9 \u00e0 tout moment.<\/p>\n\n\n\n<p>Vous pouvez configurer votre navigateur de mani\u00e8re \u00e0 \u00eatre inform\u00e9 de l'installation de cookies et \u00e0 n'autoriser les cookies qu'au cas par cas, \u00e0 exclure l'acceptation de cookies dans certains cas ou de mani\u00e8re g\u00e9n\u00e9rale, et \u00e0 activer la suppression automatique des cookies \u00e0 la fermeture du navigateur. En cas de d\u00e9sactivation des cookies, la fonctionnalit\u00e9 de ce site web peut \u00eatre limit\u00e9e.<\/p>\n\n\n\n<p>Si des cookies sont utilis\u00e9s par des entreprises tierces ou \u00e0 des fins d'analyse, nous vous en informerons s\u00e9par\u00e9ment dans le cadre de la pr\u00e9sente d\u00e9claration de protection des donn\u00e9es et, le cas \u00e9ch\u00e9ant, nous vous demanderons votre consentement.<\/p>\n\n\n\n<h3 class=\"wp-block-heading\">Demande par e-mail, t\u00e9l\u00e9phone, chat ou fax<\/h3>\n\n\n\n<p>Si vous nous contactez par e-mail, t\u00e9l\u00e9phone, chat ou t\u00e9l\u00e9copie, votre demande, y compris toutes les donn\u00e9es personnelles qui en d\u00e9coulent (nom, demande), sera enregistr\u00e9e et trait\u00e9e par nos soins dans le but de traiter votre demande. Nous ne transmettons pas ces donn\u00e9es sans votre consentement.<\/p>\n\n\n\n<p>Le traitement de ces donn\u00e9es est fond\u00e9 sur l'article 6, paragraphe 1, point b), du RGPD, dans la mesure o\u00f9 votre demande est li\u00e9e \u00e0 l'ex\u00e9cution d'un contrat ou est n\u00e9cessaire \u00e0 l'ex\u00e9cution de mesures pr\u00e9contractuelles. Dans tous les autres cas, le traitement repose sur notre int\u00e9r\u00eat l\u00e9gitime \u00e0 traiter efficacement les demandes qui nous sont adress\u00e9es (article 6, paragraphe 1, point f) du RGPD) ou sur votre consentement (article 6, paragraphe 1, point a) du RGPD), dans la mesure o\u00f9 celui-ci a \u00e9t\u00e9 demand\u00e9.<\/p>\n\n\n\n<p>Les donn\u00e9es que vous nous avez envoy\u00e9es par le biais de demandes de contact restent chez nous jusqu'\u00e0 ce que vous nous demandiez de les effacer, que vous r\u00e9voquiez votre consentement \u00e0 leur stockage ou que le but du stockage des donn\u00e9es devienne caduc (par exemple apr\u00e8s le traitement de votre demande). Les dispositions l\u00e9gales contraignantes - en particulier les d\u00e9lais de conservation l\u00e9gaux - ne sont pas affect\u00e9es.<\/p>\n\n\n\n<h2 class=\"wp-block-heading\">5. outils d'analyse et publicit\u00e9<\/h2>\n\n\n\n<h3 class=\"wp-block-heading\">Matomo<\/h3>\n\n\n\n<p>Ce site web utilise le service d'analyse web open source Matomo. Matomo utilise des technologies qui permettent de reconna\u00eetre l'utilisateur sur toutes les pages afin d'analyser le comportement de l'utilisateur (par exemple, des cookies ou l'empreinte digitale de l'appareil). Les informations recueillies par Matomo sur l'utilisation de ce site web sont enregistr\u00e9es sur notre serveur. L'adresse IP est anonymis\u00e9e avant d'\u00eatre enregistr\u00e9e.<\/p>\n\n\n\n<p>Gr\u00e2ce \u00e0 Matomo, nous sommes en mesure de collecter et d'analyser des donn\u00e9es sur l'utilisation de notre site web par les visiteurs. Cela nous permet, entre autres, de savoir quand telle ou telle page a \u00e9t\u00e9 consult\u00e9e et de quelle r\u00e9gion elle provient. Nous collectons \u00e9galement diff\u00e9rents fichiers journaux (par exemple, l'adresse IP, le r\u00e9f\u00e9rent, le navigateur et le syst\u00e8me d'exploitation utilis\u00e9s) et pouvons mesurer si les visiteurs de notre site effectuent certaines actions (par exemple, des clics, des achats, etc.).<\/p>\n\n\n\n<p>L'utilisation de cet outil d'analyse est bas\u00e9e sur l'article 6, paragraphe 1, point f du RGPD. L'exploitant du site web a un int\u00e9r\u00eat l\u00e9gitime \u00e0 l'analyse anonymis\u00e9e du comportement des utilisateurs afin d'optimiser \u00e0 la fois son offre web et sa publicit\u00e9. Dans la mesure o\u00f9 un consentement correspondant a \u00e9t\u00e9 demand\u00e9, le traitement s'effectue exclusivement sur la base de l'article 6, paragraphe 1, point a) du RGPD et de l'article 25, paragraphe 1 de la TTDSG, dans la mesure o\u00f9 le consentement inclut le stockage de cookies ou l'acc\u00e8s \u00e0 des informations dans le terminal de l'utilisateur (par ex. Device-Fingerprinting) au sens de la TTDSG. Le consentement est r\u00e9vocable \u00e0 tout moment.<\/p>\n\n\n\n<h4 class=\"wp-block-heading\">H\u00e9bergement<\/h4>\n\n\n\n<p>Nous h\u00e9bergeons Matomo chez le fournisseur tiers suivant :<\/p>\n\n\n\n<p class=\"is-style-aptos\">ALL-INKL.COM<br>Rue principale 68<br>D-02742 Friedersdorf<\/p>\n\n\n\n<p>Source : <a href=\"https:\/\/www.e-recht24.de\">https:\/\/www.e-recht24.de<\/a><\/p>\n\n\n\n<p><\/p>","protected":false},"excerpt":{"rendered":"<p>1. Datenschutz auf einen Blick Allgemeine Hinweise Die folgenden Hinweise geben einen einfachen \u00dcberblick dar\u00fcber, was mit Ihren personenbezogenen Daten passiert, wenn Sie diese Website besuchen. Personenbezogene Daten sind alle Daten, mit denen Sie pers\u00f6nlich identifiziert werden k\u00f6nnen. Ausf\u00fchrliche Informationen zum Thema Datenschutz entnehmen Sie unserer unter diesem Text aufgef\u00fchrten Datenschutzerkl\u00e4rung. Datenerfassung auf dieser Website [&hellip;]<\/p>\n","protected":false},"author":1,"featured_media":0,"parent":0,"menu_order":0,"comment_status":"closed","ping_status":"closed","template":"page-datenschutz.php","meta":{"_acf_changed":false,"footnotes":""},"class_list":["post-19","page","type-page","status-publish","hentry"],"acf":[],"_links":{"self":[{"href":"https:\/\/www.schulz-solutions.com\/fr\/wp-json\/wp\/v2\/pages\/19","targetHints":{"allow":["GET"]}}],"collection":[{"href":"https:\/\/www.schulz-solutions.com\/fr\/wp-json\/wp\/v2\/pages"}],"about":[{"href":"https:\/\/www.schulz-solutions.com\/fr\/wp-json\/wp\/v2\/types\/page"}],"author":[{"embeddable":true,"href":"https:\/\/www.schulz-solutions.com\/fr\/wp-json\/wp\/v2\/users\/1"}],"replies":[{"embeddable":true,"href":"https:\/\/www.schulz-solutions.com\/fr\/wp-json\/wp\/v2\/comments?post=19"}],"version-history":[{"count":0,"href":"https:\/\/www.schulz-solutions.com\/fr\/wp-json\/wp\/v2\/pages\/19\/revisions"}],"wp:attachment":[{"href":"https:\/\/www.schulz-solutions.com\/fr\/wp-json\/wp\/v2\/media?parent=19"}],"curies":[{"name":"wp","href":"https:\/\/api.w.org\/{rel}","templated":true}]}}