{"id":17,"date":"2026-02-23T15:08:21","date_gmt":"2026-02-23T14:08:21","guid":{"rendered":"https:\/\/www.schulz-solutions.com\/?page_id=17"},"modified":"2026-02-28T19:11:19","modified_gmt":"2026-02-28T18:11:19","slug":"mentions-legales","status":"publish","type":"page","link":"https:\/\/www.schulz-solutions.com\/fr\/impressum\/","title":{"rendered":"Mentions l\u00e9gales"},"content":{"rendered":"<p><strong>\u00c9diteur<br><\/strong>Schulz Solutions GmbH<br>11, rue de Danzig<br>63500 Seligenstadt<br>Allemagne<\/p>\n\n\n\n<p>T\u00e9l\u00e9phone : +49 6182 8984 875<br>T\u00e9l\u00e9copieur : +49 6182 8984 900<\/p>\n\n\n\n<p>e-Mail : <a href=\"\/fr\/mail&\/#116;&#111;&#58;&#119;&#101;&#x62;&#x2d;&#x61;&#x6e;&#x66;&#x72;&#x61;ge&#64;s&#99;&#104;&#117;&#108;&#122;&#x2d;&#x73;&#x6f;&#x6c;&#x75;&#x74;&#x69;&#x6f;ns&#46;c&#111;&#109;\">web-anfrage@schulz-solutions.com<\/a><\/p>\n\n\n\n<p><strong>Num\u00e9ro d'identification de la taxe sur le chiffre d'affaires conform\u00e9ment au \u00a727a de la loi sur la taxe sur le chiffre d'affaires<br><\/strong>Num\u00e9ro de TVA : DE 316 711 674<\/p>\n\n\n\n<p><strong>Responsable du contenu selon \u00a75 TMG<\/strong><br>Dirk Schulz<br>e-Mail : <a href=\"\/fr\/m\/#97;&#x69;&#x6c;&#x74;o&#58;&#x77;&#x65;&#x62;-&#97;&#x6e;&#x66;&#x72;a&#103;&#x65;&#x40;&#x73;c&#104;&#x75;&#x6c;&#x7a;-&#115;&#x6f;&#x6c;&#x75;t&#105;&#x6f;&#x6e;&#x73;&#46;&#99;&#x6f;&#x6d;\">web-anfrage@schulz-solutions.com<\/a><\/p>\n\n\n\n<p><strong>Responsabilit\u00e9<br><\/strong>Le contenu et la structure du site web de la <em>Schulz Solutions GmbH<\/em> sont soumis \u00e0 la protection du droit d'auteur et \u00e0 d'autres lois de protection.<\/p>\n\n\n\n<p>La reproduction d'informations ou de donn\u00e9es, notamment l'utilisation de textes, de parties de textes ou d'images, n\u00e9cessite l'accord pr\u00e9alable de la <em>Schulz Solutions GmbH<\/em>.<\/p>\n\n\n\n<p>Ce site web a \u00e9t\u00e9 \u00e9labor\u00e9 avec le plus grand soin et est r\u00e9guli\u00e8rement mis \u00e0 jour. Toutefois, nous ne pouvons pas garantir l'absence d'erreurs et l'exactitude des informations qu'il contient.<\/p>\n\n\n\n<p>Toute responsabilit\u00e9 pour des dommages r\u00e9sultant directement ou indirectement de l'utilisation de ce site Internet est exclue. Dans la mesure o\u00f9 ce site Internet renvoie \u00e0 des pages Internet exploit\u00e9es par des tiers, la responsabilit\u00e9 de la <em>Schulz Solutions GmbH<\/em> pas pour leur contenu. Seuls les exploitants de ces sites sont responsables de leur contenu.<\/p>","protected":false},"excerpt":{"rendered":"<p>HerausgeberSchulz Solutions GmbHDanziger Str. 1163500 SeligenstadtDeutschland Telefon: +49 6182 8984 875Telefax: +49 6182 8984 900 e-Mail: &#x77;&#101;b&#x2d;&#97;n&#x66;&#114;a&#x67;&#101;&#64;&#x73;&#99;h&#x75;&#108;z&#x2d;&#115;o&#x6c;&#117;t&#x69;&#111;n&#x73;&#46;c&#x6f;&#109; Umsatzsteuer-Identifikationsnummer gem\u00e4\u00df \u00a727a UmsatzsteuergesetzUst-IdNr.: DE 316 711 674 Inhaltlich verantwortlich gem\u00e4\u00df \u00a75 TMGDirk Schulze-Mail: w&#101;&#98;&#x2d;&#x61;nf&#114;&#97;&#x67;&#x65;&#64;s&#99;&#104;&#x75;&#x6c;z-&#115;&#x6f;&#x6c;&#x75;t&#105;&#111;&#x6e;&#x73;&#x2e;c&#111;&#109; HaftungInhalt und Struktur der Website der Schulz Solutions GmbH unterliegen dem Schutz des Urheberrechts und anderer Schutzgesetze. Die Vervielf\u00e4ltigung von Informationen oder Daten, [&hellip;]<\/p>\n","protected":false},"author":1,"featured_media":0,"parent":0,"menu_order":0,"comment_status":"closed","ping_status":"closed","template":"page-impressum.php","meta":{"_acf_changed":false,"footnotes":""},"class_list":["post-17","page","type-page","status-publish","hentry"],"acf":[],"_links":{"self":[{"href":"https:\/\/www.schulz-solutions.com\/fr\/wp-json\/wp\/v2\/pages\/17","targetHints":{"allow":["GET"]}}],"collection":[{"href":"https:\/\/www.schulz-solutions.com\/fr\/wp-json\/wp\/v2\/pages"}],"about":[{"href":"https:\/\/www.schulz-solutions.com\/fr\/wp-json\/wp\/v2\/types\/page"}],"author":[{"embeddable":true,"href":"https:\/\/www.schulz-solutions.com\/fr\/wp-json\/wp\/v2\/users\/1"}],"replies":[{"embeddable":true,"href":"https:\/\/www.schulz-solutions.com\/fr\/wp-json\/wp\/v2\/comments?post=17"}],"version-history":[{"count":0,"href":"https:\/\/www.schulz-solutions.com\/fr\/wp-json\/wp\/v2\/pages\/17\/revisions"}],"wp:attachment":[{"href":"https:\/\/www.schulz-solutions.com\/fr\/wp-json\/wp\/v2\/media?parent=17"}],"curies":[{"name":"wp","href":"https:\/\/api.w.org\/{rel}","templated":true}]}}