{"id":29,"date":"2026-02-23T17:49:40","date_gmt":"2026-02-23T16:49:40","guid":{"rendered":"https:\/\/www.schulz-solutions.com\/?page_id=29"},"modified":"2026-02-26T16:32:25","modified_gmt":"2026-02-26T15:32:25","slug":"picture-credits","status":"publish","type":"page","link":"https:\/\/www.schulz-solutions.com\/en\/bildnachweise\/","title":{"rendered":"Picture credits"},"content":{"rendered":"<p>The image and video material used on this website comes from various sources. All materials are used in accordance with the respective license conditions.<\/p>\n\n\n\n<h2 class=\"wp-block-heading\">Licensed image material<\/h2>\n\n\n\n<p>Some of the photographs and video clips used were taken via&nbsp;<strong>Shutterstock, Inc.<\/strong>&nbsp;licensed. Use is in accordance with the Shutterstock Standard or Enhanced License. License details can be provided on request.<\/p>\n\n\n\n<h2 class=\"wp-block-heading\">Own recordings<\/h2>\n\n\n\n<p>Certain image and video content on this website - in particular company presentations and product shots - are&nbsp;<strong>In-house productions of Schulz Solutions GmbH<\/strong>. All rights reserved.<\/p>\n\n\n\n<h2 class=\"wp-block-heading\">AI-processed image material<\/h2>\n\n\n\n<p>Individual image content was created or post-processed with the help of AI-supported image editing tools. The source materials come either from our own photographs or licensed sources. The AI processing is used for visual optimization and does not change any content-relevant statements in the images.<\/p>\n\n\n\n<h2 class=\"wp-block-heading\">Video material<\/h2>\n\n\n\n<p>Video clips used either originate from Schulz Solutions GmbH's own production or were licensed via Shutterstock. The rights of use include publication on this website.<\/p>\n\n\n\n<h2 class=\"wp-block-heading\">Copyright<\/h2>\n\n\n\n<p>All content presented on this website - texts, graphics, logos, images and videos - are subject to the copyright of Schulz Solutions GmbH or the respective copyright holder. Reproduction, editing or further use requires express written permission.<\/p>\n\n\n\n<h2 class=\"wp-block-heading\">Contact for queries<\/h2>\n\n\n\n<p>If you have any questions about image rights or license details, please contact:<br><a href=\"\/en\/&\/#x6d;&#x61;&#105;l&#x74;&#x6f;&#58;we&#x62;&#x2d;&#97;n&#x66;&#x72;&#97;&#103;e&#x40;&#x73;&#99;h&#x75;&#x6c;&#122;&#45;s&#x6f;&#x6c;&#117;t&#x69;&#x6f;&#110;&#115;&#46;&#x63;&#x6f;&#109;\">web-anfrage@schulz-solutions.com<\/a><\/p>","protected":false},"excerpt":{"rendered":"<p>Die auf dieser Website verwendeten Bild- und Videomaterialien stammen aus verschiedenen Quellen. Alle Materialien werden im Rahmen der jeweiligen Lizenzbedingungen genutzt. Lizenziertes Bildmaterial Ein Teil der verwendeten Fotografien und Videoclips wurde \u00fcber&nbsp;Shutterstock, Inc.&nbsp;lizenziert. Die Nutzung erfolgt gem\u00e4\u00df der Shutterstock Standard- bzw. Enhanced-Lizenz. Lizenzdetails k\u00f6nnen auf Anfrage mitgeteilt werden. Eigene Aufnahmen Bestimmte Bild- und Videoinhalte auf [&hellip;]<\/p>\n","protected":false},"author":2,"featured_media":0,"parent":0,"menu_order":0,"comment_status":"closed","ping_status":"closed","template":"page-bildnachweise.php","meta":{"_acf_changed":false,"footnotes":""},"class_list":["post-29","page","type-page","status-publish","hentry"],"acf":[],"_links":{"self":[{"href":"https:\/\/www.schulz-solutions.com\/en\/wp-json\/wp\/v2\/pages\/29","targetHints":{"allow":["GET"]}}],"collection":[{"href":"https:\/\/www.schulz-solutions.com\/en\/wp-json\/wp\/v2\/pages"}],"about":[{"href":"https:\/\/www.schulz-solutions.com\/en\/wp-json\/wp\/v2\/types\/page"}],"author":[{"embeddable":true,"href":"https:\/\/www.schulz-solutions.com\/en\/wp-json\/wp\/v2\/users\/2"}],"replies":[{"embeddable":true,"href":"https:\/\/www.schulz-solutions.com\/en\/wp-json\/wp\/v2\/comments?post=29"}],"version-history":[{"count":0,"href":"https:\/\/www.schulz-solutions.com\/en\/wp-json\/wp\/v2\/pages\/29\/revisions"}],"wp:attachment":[{"href":"https:\/\/www.schulz-solutions.com\/en\/wp-json\/wp\/v2\/media?parent=29"}],"curies":[{"name":"wp","href":"https:\/\/api.w.org\/{rel}","templated":true}]}}